{"id":23338,"date":"2020-09-28T10:40:31","date_gmt":"2020-09-28T14:40:31","guid":{"rendered":"https:\/\/7f3f0783c8.nxcli.net\/learn\/useful-links\/"},"modified":"2020-09-28T10:40:31","modified_gmt":"2020-09-28T14:40:31","slug":"useful-links","status":"publish","type":"page","link":"https:\/\/viragesante.com\/en\/learn\/useful-links\/","title":{"rendered":"Useful links"},"content":{"rendered":"<div class=\"col-main col-xs-12 col-sm-9\">\n<div class=\"padding-s\">\n<div class=\"category-description std\">\n<p>Useful links are proposed to you. The topics revolve around food, health and a healthy lifestyle. <\/p>\n<p>&nbsp;<\/p>\n<\/div>\n<p><strong><a title=\"Brunet\" href=\"http:\/\/www.brunet.ca\/\" target=\"_blank\" rel=\"noopener noreferrer\">Brunet<\/a>&nbsp;:&nbsp;<\/strong>Much more than a company website, this website is full of practical and trusty information on health.<\/p>\n<p><strong><a title=\"Crudessence\" href=\"http:\/\/www.crudessence.com\/\" target=\"_blank\" rel=\"noopener noreferrer\">Crudessence<\/a>:&nbsp;<\/strong>Restaurants, catering, food academy and more! Their approach is completely vegan and organic. <\/p>\n<p><strong><a title=\"Diab\u00e8te Qu\u00e9bec\" href=\"http:\/\/www.diabete.qc.ca\/\" target=\"_blank\" rel=\"noopener noreferrer\">Diab\u00e8te Qu\u00e9bec<\/a>:&nbsp;<\/strong>Official website of the Association. Gold mine of information on diabetes, health tips, events, etc. <\/p>\n<p><strong><a title=\"Famiiiprix\" href=\"http:\/\/www.familiprix.com\/\" target=\"_blank\" rel=\"noopener noreferrer\">Familiprix<\/a>:&nbsp;<\/strong>Excellent webiste reference on health, nutrition, drugs, lifestyle habits, etc.<\/p>\n<p><a title=\"Health Nuts R Us&nbsp;\" href=\"http:\/\/www.healthnutsrus.com\/\" target=\"_blank\" rel=\"noopener noreferrer\"><strong>Health Nuts R Us&nbsp;:<\/strong><\/a>&nbsp;Group of professionals and health nuts, who are not afraid to challenge the conventional way of thinking.<\/p>\n<p><strong><a title=\"soci\u00e9t\u00e9 arthrite\" href=\"http:\/\/www.arthrite.ca\/\">The Arthritis society<\/a>:&nbsp;<\/strong>Official website of the association. Learn all about arthritis (tips, resources, programs and services, etc.). <\/p>\n<p><strong><a title=\"Femmes en sant\u00e9\" href=\"http:\/\/www.femmesensante.ca\/\" target=\"_blank\" rel=\"noopener noreferrer\">Womens Health Matters<\/a>:&nbsp;<\/strong>Many articles on health and nutrition, resources, events for woman.<\/p>\n<p><strong><a title=\"Imane Lahlou\" href=\"http:\/\/www.imanelahlou.com\/\" target=\"_blank\" rel=\"noopener noreferrer\">Imane Lahlou<\/a>:&nbsp;<\/strong>Dre en sciences et technologie des aliments et naturopathe, la mission de Imane Lahlou: contribuer \u00e0 votre bien \u00eatre.<\/p>\n<p><strong><a title=\"Info Naturel\" href=\"http:\/\/www.infonaturel.ca\/\" target=\"_blank\" rel=\"noopener noreferrer\">Info Naturel<\/a>:&nbsp;<\/strong>Portail qui traite de la sant\u00e9 en g\u00e9n\u00e9rale ainsi que sur la naturopathie, les m\u00e9decines alternatives.<\/p>\n<p><strong><a title=\"Koeva\" href=\"http:\/\/koeva.ca\/\" target=\"_blank\" rel=\"noopener noreferrer\">Koeva&nbsp;:<\/a><\/strong>&nbsp;L&#8217;objectif de Koeva? Faire de la conciliation travail-famille une action concr\u00e8te visant l\u2019\u00e9quilibre de vie au sein des organisations et des familles qu\u00e9b\u00e9coises. Conf\u00e9rence, soutien, formation, atelier et plus encore.<\/p>\n<p><a title=\"Marche Afghane Qu\u00e9bec\" href=\"http:\/\/www.marcheafghanequebec.com\/\" target=\"_blank\" rel=\"noopener noreferrer\"><strong>Marche Afghane Qu\u00e9bec<\/strong><\/a>: D\u00e9couvrez la marche afghane et tous les bienfaits physiques et mentaux qu&#8217;elle procure, gr\u00e2ce la respiration rythmique profonde. Une marche fondamentalement bienveillante. <\/p>\n<p><strong><a title=\"Papilles Souriantes\" href=\"http:\/\/www.papilles-souriantes.com\/\" target=\"_blank\" rel=\"noopener noreferrer\">Papilles Souriantes<\/a>:&nbsp;<\/strong>La mission de Papilles Souriantes est d&#8217;offrir un voyage gustatif au quotidien avec des repas sant\u00e9 et riches en saveurs. Elle offre des services de repas \u00e0 domicile, des d\u00e9couvertes, des astuces et des nouvelles id\u00e9es culinaires. <\/p>\n<p><strong><a title=\"Passeport Sant\u00e9\" href=\"http:\/\/www.passeportsante.net\/\" target=\"_blank\" rel=\"noopener noreferrer\">Passeport Sant\u00e9<\/a>:&nbsp;<\/strong>Ce site offre de l\u2019information sur la sant\u00e9 en g\u00e9n\u00e9ral et l\u2019acquisition de saines habitudes de vie.<\/p>\n<p><strong><a title=\"petite bo\u00eete \u00e0 vie\" href=\"http:\/\/petiteboiteavie.com\/\" target=\"_blank\" rel=\"noopener noreferrer\">Petite Bo\u00eete \u00e0 Vie:<\/a> &nbsp;<\/strong>Petite Bo\u00eete \u00e0 Vie vous livre, chaque mois, une petite bo\u00eete contenant une vari\u00e9t\u00e9 de produits sant\u00e9 naturels. Une belle opportunit\u00e9 d&#8217;essayer et de d\u00e9couvrir de nouveaux produits sant\u00e9! <\/p>\n<p><strong><a title=\"Plaisirs sant\u00e9\" href=\"http:\/\/www.plaisirssante.ca\/\" target=\"_blank\" rel=\"noopener noreferrer\">Plaisirs sant\u00e9<\/a>:&nbsp;<\/strong>Site informatif sur la sant\u00e9 (nutrition, saines habitudes de vies, maladies) compl\u00e9t\u00e9 par un blogue.<\/p>\n<p><strong><a title=\"Prot\u00e9gez-vous\" href=\"http:\/\/www.protegez-vous.ca\/sante-et-alimentation.html\" target=\"_blank\" rel=\"noopener noreferrer\">Prot\u00e9gez-vous<\/a>:&nbsp;<\/strong>Site de r\u00e9f\u00e9rence pour faire des choix \u00e9clair\u00e9s, avec un section portant sur la sant\u00e9 et l&#8217;alimentation.<\/p>\n<p><strong><a title=\"studio yoha Kirinjot Kaur\" href=\"https:\/\/yogasan.jimdo.com\/\">Studio de yoga Kikau :<\/a> &nbsp;<\/strong>Situ\u00e9 au bord du Fleuve St-Laurent, \u00e0 seulement quelques minutes des ponts, le Studio de Yoga Kikau vous accueil dans un d\u00e9cor enchanteur et propice \u00e0 la d\u00e9tente. Au Studio de Yoga Kikau, c&#8217;est \u00e0 l&#8217;union du corps, de l&#8217;\u00e2me et de l&#8217;esprit que nous vous convions, \u00e0 travers la pratique du yoga. <\/p>\n<\/div>\n<\/div>\n","protected":false},"excerpt":{"rendered":"<p>Useful links are proposed to you. The topics revolve around food, health and a healthy lifestyle. &nbsp; Brunet&nbsp;:&nbsp;Much more than a company website, this website is full of practical and trusty information on health. Crudessence:&nbsp;Restaurants, catering, food academy and more! Their approach is completely vegan and organic. Diab\u00e8te Qu\u00e9bec:&nbsp;Official website of the Association. Gold mine [&hellip;]<\/p>\n","protected":false},"author":1,"featured_media":0,"parent":22885,"menu_order":0,"comment_status":"closed","ping_status":"closed","template":"","meta":{"_acf_changed":false,"site-sidebar-layout":"default","site-content-layout":"default","ast-site-content-layout":"default","site-content-style":"default","site-sidebar-style":"default","ast-global-header-display":"","ast-banner-title-visibility":"","ast-main-header-display":"","ast-hfb-above-header-display":"","ast-hfb-below-header-display":"","ast-hfb-mobile-header-display":"","site-post-title":"","ast-breadcrumbs-content":"","ast-featured-img":"","footer-sml-layout":"","ast-disable-related-posts":"","theme-transparent-header-meta":"default","adv-header-id-meta":"","stick-header-meta":"","header-above-stick-meta":"","header-main-stick-meta":"","header-below-stick-meta":"","astra-migrate-meta-layouts":"default","ast-page-background-enabled":"default","ast-page-background-meta":{"desktop":{"background-color":"","background-image":"","background-repeat":"repeat","background-position":"center center","background-size":"auto","background-attachment":"scroll","background-type":"","background-media":"","overlay-type":"","overlay-color":"","overlay-opacity":"","overlay-gradient":""},"tablet":{"background-color":"","background-image":"","background-repeat":"repeat","background-position":"center center","background-size":"auto","background-attachment":"scroll","background-type":"","background-media":"","overlay-type":"","overlay-color":"","overlay-opacity":"","overlay-gradient":""},"mobile":{"background-color":"","background-image":"","background-repeat":"repeat","background-position":"center center","background-size":"auto","background-attachment":"scroll","background-type":"","background-media":"","overlay-type":"","overlay-color":"","overlay-opacity":"","overlay-gradient":""}},"ast-content-background-meta":{"desktop":{"background-color":"var(--ast-global-color-5)","background-image":"","background-repeat":"repeat","background-position":"center center","background-size":"auto","background-attachment":"scroll","background-type":"","background-media":"","overlay-type":"","overlay-color":"","overlay-opacity":"","overlay-gradient":""},"tablet":{"background-color":"var(--ast-global-color-5)","background-image":"","background-repeat":"repeat","background-position":"center center","background-size":"auto","background-attachment":"scroll","background-type":"","background-media":"","overlay-type":"","overlay-color":"","overlay-opacity":"","overlay-gradient":""},"mobile":{"background-color":"var(--ast-global-color-5)","background-image":"","background-repeat":"repeat","background-position":"center center","background-size":"auto","background-attachment":"scroll","background-type":"","background-media":"","overlay-type":"","overlay-color":"","overlay-opacity":"","overlay-gradient":""}},"footnotes":""},"class_list":["post-23338","page","type-page","status-publish","hentry"],"acf":[],"yoast_head":"<!-- This site is optimized with the Yoast SEO plugin v27.4 - https:\/\/yoast.com\/product\/yoast-seo-wordpress\/ -->\n<title>Useful links &#8211; Virage Sant\u00e9 inc.<\/title>\n<meta name=\"robots\" content=\"index, follow, max-snippet:-1, max-image-preview:large, max-video-preview:-1\" \/>\n<link rel=\"canonical\" href=\"https:\/\/viragesante.com\/en\/learn\/useful-links\/\" \/>\n<meta property=\"og:locale\" content=\"en_US\" \/>\n<meta property=\"og:type\" content=\"article\" \/>\n<meta property=\"og:title\" content=\"Useful links &#8211; Virage Sant\u00e9 inc.\" \/>\n<meta property=\"og:description\" content=\"Useful links are proposed to you. The topics revolve around food, health and a healthy lifestyle. &nbsp; Brunet&nbsp;:&nbsp;Much more than a company website, this website is full of practical and trusty information on health. Crudessence:&nbsp;Restaurants, catering, food academy and more! Their approach is completely vegan and organic. Diab\u00e8te Qu\u00e9bec:&nbsp;Official website of the Association. Gold mine [&hellip;]\" \/>\n<meta property=\"og:url\" content=\"https:\/\/viragesante.com\/en\/learn\/useful-links\/\" \/>\n<meta property=\"og:site_name\" content=\"Virage Sant\u00e9 inc.\" \/>\n<meta name=\"twitter:card\" content=\"summary_large_image\" \/>\n<meta name=\"twitter:label1\" content=\"Est. reading time\" \/>\n\t<meta name=\"twitter:data1\" content=\"2 minutes\" \/>\n<script type=\"application\/ld+json\" class=\"yoast-schema-graph\">{\"@context\":\"https:\\\/\\\/schema.org\",\"@graph\":[{\"@type\":\"WebPage\",\"@id\":\"https:\\\/\\\/viragesante.com\\\/en\\\/learn\\\/useful-links\\\/\",\"url\":\"https:\\\/\\\/viragesante.com\\\/en\\\/learn\\\/useful-links\\\/\",\"name\":\"Useful links &#8211; Virage Sant\u00e9 inc.\",\"isPartOf\":{\"@id\":\"https:\\\/\\\/viragesante.com\\\/en\\\/#website\"},\"datePublished\":\"2020-09-28T14:40:31+00:00\",\"breadcrumb\":{\"@id\":\"https:\\\/\\\/viragesante.com\\\/en\\\/learn\\\/useful-links\\\/#breadcrumb\"},\"inLanguage\":\"en-CA\",\"potentialAction\":[{\"@type\":\"ReadAction\",\"target\":[\"https:\\\/\\\/viragesante.com\\\/en\\\/learn\\\/useful-links\\\/\"]}]},{\"@type\":\"BreadcrumbList\",\"@id\":\"https:\\\/\\\/viragesante.com\\\/en\\\/learn\\\/useful-links\\\/#breadcrumb\",\"itemListElement\":[{\"@type\":\"ListItem\",\"position\":1,\"name\":\"Home\",\"item\":\"https:\\\/\\\/viragesante.com\\\/en\\\/\"},{\"@type\":\"ListItem\",\"position\":2,\"name\":\"Learn\",\"item\":\"https:\\\/\\\/viragesante.com\\\/en\\\/learn\\\/\"},{\"@type\":\"ListItem\",\"position\":3,\"name\":\"Useful links\"}]},{\"@type\":\"WebSite\",\"@id\":\"https:\\\/\\\/viragesante.com\\\/en\\\/#website\",\"url\":\"https:\\\/\\\/viragesante.com\\\/en\\\/\",\"name\":\"Virage Sant\u00e9 inc.\",\"description\":\"Tisanes et th\u00e9s biologiques Lalma\",\"publisher\":{\"@id\":\"https:\\\/\\\/viragesante.com\\\/en\\\/#organization\"},\"potentialAction\":[{\"@type\":\"SearchAction\",\"target\":{\"@type\":\"EntryPoint\",\"urlTemplate\":\"https:\\\/\\\/viragesante.com\\\/en\\\/?s={search_term_string}\"},\"query-input\":{\"@type\":\"PropertyValueSpecification\",\"valueRequired\":true,\"valueName\":\"search_term_string\"}}],\"inLanguage\":\"en-CA\"},{\"@type\":\"Organization\",\"@id\":\"https:\\\/\\\/viragesante.com\\\/en\\\/#organization\",\"name\":\"Virage Sant\u00e9 Inc.\",\"url\":\"https:\\\/\\\/viragesante.com\\\/en\\\/\",\"logo\":{\"@type\":\"ImageObject\",\"inLanguage\":\"en-CA\",\"@id\":\"https:\\\/\\\/viragesante.com\\\/en\\\/#\\\/schema\\\/logo\\\/image\\\/\",\"url\":\"https:\\\/\\\/7f3f0783c8.nxcli.net\\\/wp-content\\\/uploads\\\/2020\\\/07\\\/logo-VirageSante.png\",\"contentUrl\":\"https:\\\/\\\/7f3f0783c8.nxcli.net\\\/wp-content\\\/uploads\\\/2020\\\/07\\\/logo-VirageSante.png\",\"width\":156,\"height\":126,\"caption\":\"Virage Sant\u00e9 Inc.\"},\"image\":{\"@id\":\"https:\\\/\\\/viragesante.com\\\/en\\\/#\\\/schema\\\/logo\\\/image\\\/\"}}]}<\/script>\n<!-- \/ Yoast SEO plugin. -->","yoast_head_json":{"title":"Useful links &#8211; Virage Sant\u00e9 inc.","robots":{"index":"index","follow":"follow","max-snippet":"max-snippet:-1","max-image-preview":"max-image-preview:large","max-video-preview":"max-video-preview:-1"},"canonical":"https:\/\/viragesante.com\/en\/learn\/useful-links\/","og_locale":"en_US","og_type":"article","og_title":"Useful links &#8211; Virage Sant\u00e9 inc.","og_description":"Useful links are proposed to you. The topics revolve around food, health and a healthy lifestyle. &nbsp; Brunet&nbsp;:&nbsp;Much more than a company website, this website is full of practical and trusty information on health. Crudessence:&nbsp;Restaurants, catering, food academy and more! Their approach is completely vegan and organic. Diab\u00e8te Qu\u00e9bec:&nbsp;Official website of the Association. Gold mine [&hellip;]","og_url":"https:\/\/viragesante.com\/en\/learn\/useful-links\/","og_site_name":"Virage Sant\u00e9 inc.","twitter_card":"summary_large_image","twitter_misc":{"Est. reading time":"2 minutes"},"schema":{"@context":"https:\/\/schema.org","@graph":[{"@type":"WebPage","@id":"https:\/\/viragesante.com\/en\/learn\/useful-links\/","url":"https:\/\/viragesante.com\/en\/learn\/useful-links\/","name":"Useful links &#8211; Virage Sant\u00e9 inc.","isPartOf":{"@id":"https:\/\/viragesante.com\/en\/#website"},"datePublished":"2020-09-28T14:40:31+00:00","breadcrumb":{"@id":"https:\/\/viragesante.com\/en\/learn\/useful-links\/#breadcrumb"},"inLanguage":"en-CA","potentialAction":[{"@type":"ReadAction","target":["https:\/\/viragesante.com\/en\/learn\/useful-links\/"]}]},{"@type":"BreadcrumbList","@id":"https:\/\/viragesante.com\/en\/learn\/useful-links\/#breadcrumb","itemListElement":[{"@type":"ListItem","position":1,"name":"Home","item":"https:\/\/viragesante.com\/en\/"},{"@type":"ListItem","position":2,"name":"Learn","item":"https:\/\/viragesante.com\/en\/learn\/"},{"@type":"ListItem","position":3,"name":"Useful links"}]},{"@type":"WebSite","@id":"https:\/\/viragesante.com\/en\/#website","url":"https:\/\/viragesante.com\/en\/","name":"Virage Sant\u00e9 inc.","description":"Tisanes et th\u00e9s biologiques Lalma","publisher":{"@id":"https:\/\/viragesante.com\/en\/#organization"},"potentialAction":[{"@type":"SearchAction","target":{"@type":"EntryPoint","urlTemplate":"https:\/\/viragesante.com\/en\/?s={search_term_string}"},"query-input":{"@type":"PropertyValueSpecification","valueRequired":true,"valueName":"search_term_string"}}],"inLanguage":"en-CA"},{"@type":"Organization","@id":"https:\/\/viragesante.com\/en\/#organization","name":"Virage Sant\u00e9 Inc.","url":"https:\/\/viragesante.com\/en\/","logo":{"@type":"ImageObject","inLanguage":"en-CA","@id":"https:\/\/viragesante.com\/en\/#\/schema\/logo\/image\/","url":"https:\/\/7f3f0783c8.nxcli.net\/wp-content\/uploads\/2020\/07\/logo-VirageSante.png","contentUrl":"https:\/\/7f3f0783c8.nxcli.net\/wp-content\/uploads\/2020\/07\/logo-VirageSante.png","width":156,"height":126,"caption":"Virage Sant\u00e9 Inc."},"image":{"@id":"https:\/\/viragesante.com\/en\/#\/schema\/logo\/image\/"}}]}},"_links":{"self":[{"href":"https:\/\/viragesante.com\/en\/wp-json\/wp\/v2\/pages\/23338","targetHints":{"allow":["GET"]}}],"collection":[{"href":"https:\/\/viragesante.com\/en\/wp-json\/wp\/v2\/pages"}],"about":[{"href":"https:\/\/viragesante.com\/en\/wp-json\/wp\/v2\/types\/page"}],"author":[{"embeddable":true,"href":"https:\/\/viragesante.com\/en\/wp-json\/wp\/v2\/users\/1"}],"replies":[{"embeddable":true,"href":"https:\/\/viragesante.com\/en\/wp-json\/wp\/v2\/comments?post=23338"}],"version-history":[{"count":0,"href":"https:\/\/viragesante.com\/en\/wp-json\/wp\/v2\/pages\/23338\/revisions"}],"up":[{"embeddable":true,"href":"https:\/\/viragesante.com\/en\/wp-json\/wp\/v2\/pages\/22885"}],"wp:attachment":[{"href":"https:\/\/viragesante.com\/en\/wp-json\/wp\/v2\/media?parent=23338"}],"curies":[{"name":"wp","href":"https:\/\/api.w.org\/{rel}","templated":true}]}}