{"id":17655,"date":"2020-07-23T14:28:39","date_gmt":"2020-07-23T18:28:39","guid":{"rendered":"https:\/\/7f3f0783c8.nxcli.net\/?post_type=product&#038;p=17655"},"modified":"2025-07-02T10:38:26","modified_gmt":"2025-07-02T14:38:26","slug":"comfort","status":"publish","type":"product","link":"https:\/\/viragesante.com\/en\/produit\/comfort\/","title":{"rendered":"Comfort"},"content":{"rendered":"<p><strong>Directions<\/strong><br \/>\nPour boiling water onto a tea bag and allow to steep for 3 minutes. Press the tea bag lightly for maximum flavor.<\/p>\n<p><strong>Ingredients (per tea bag)<\/strong><br \/>\nOrganic lemon myrtle leaf, organic linden flower, ground ivy herb, organic elderberry flower, organic thyme leaf, organic star anise fruit, organic licorice root, organic peppermint leaf and organic hibiscus flower.<\/p>\n<p><strong>Contains 87% organic ingredients<\/strong><\/p>\n<p><img decoding=\"async\" class=\"alignnone wp-image-16789\" src=\"https:\/\/7f3f0783c8.nxcli.net\/wp-content\/uploads\/2019\/11\/cmspages-mk-177.png\" alt=\"\" width=\"53\" height=\"52\" srcset=\"https:\/\/viragesante.com\/wp-content\/uploads\/2019\/11\/cmspages-mk-177.png 150w, https:\/\/viragesante.com\/wp-content\/uploads\/2019\/11\/cmspages-mk-177.png 59w\" sizes=\"(max-width: 53px) 100vw, 53px\" \/><\/p>\n<h5><strong>No Artificial Flavors \u2022 Preservative-Free<\/strong><\/h5>\n<h6>CERTIFIED \u201cALIMENTS PR\u00c9PAR\u00c9S AU QU\u00c9BEC\u201d<\/h6>\n","protected":false},"excerpt":{"rendered":"<p><strong>Comfort<\/strong> was designed to comfort the soul and create a relaxing atmosphere. Full of flavour and aroma, you will be seduced by its mint, anise, elderberry and lemon myrtle fragrances. <strong>Drape yourself in this soothing and comforting warmth!<\/strong><\/p>\n","protected":false},"featured_media":35599,"template":"","meta":{"_acf_changed":false,"site-sidebar-layout":"default","site-content-layout":"default","ast-site-content-layout":"default","site-content-style":"default","site-sidebar-style":"default","ast-global-header-display":"","ast-banner-title-visibility":"","ast-main-header-display":"","ast-hfb-above-header-display":"","ast-hfb-below-header-display":"","ast-hfb-mobile-header-display":"","site-post-title":"","ast-breadcrumbs-content":"","ast-featured-img":"","footer-sml-layout":"","ast-disable-related-posts":"","theme-transparent-header-meta":"default","adv-header-id-meta":"","stick-header-meta":"","header-above-stick-meta":"","header-main-stick-meta":"","header-below-stick-meta":"","astra-migrate-meta-layouts":"set","ast-page-background-enabled":"default","ast-page-background-meta":{"desktop":{"background-color":"","background-image":"","background-repeat":"repeat","background-position":"center center","background-size":"auto","background-attachment":"scroll","background-type":"","background-media":"","overlay-type":"","overlay-color":"","overlay-opacity":"","overlay-gradient":""},"tablet":{"background-color":"","background-image":"","background-repeat":"repeat","background-position":"center center","background-size":"auto","background-attachment":"scroll","background-type":"","background-media":"","overlay-type":"","overlay-color":"","overlay-opacity":"","overlay-gradient":""},"mobile":{"background-color":"","background-image":"","background-repeat":"repeat","background-position":"center center","background-size":"auto","background-attachment":"scroll","background-type":"","background-media":"","overlay-type":"","overlay-color":"","overlay-opacity":"","overlay-gradient":""}},"ast-content-background-meta":{"desktop":{"background-color":"var(--ast-global-color-5)","background-image":"","background-repeat":"repeat","background-position":"center center","background-size":"auto","background-attachment":"scroll","background-type":"","background-media":"","overlay-type":"","overlay-color":"","overlay-opacity":"","overlay-gradient":""},"tablet":{"background-color":"var(--ast-global-color-5)","background-image":"","background-repeat":"repeat","background-position":"center center","background-size":"auto","background-attachment":"scroll","background-type":"","background-media":"","overlay-type":"","overlay-color":"","overlay-opacity":"","overlay-gradient":""},"mobile":{"background-color":"var(--ast-global-color-5)","background-image":"","background-repeat":"repeat","background-position":"center center","background-size":"auto","background-attachment":"scroll","background-type":"","background-media":"","overlay-type":"","overlay-color":"","overlay-opacity":"","overlay-gradient":""}}},"product_brand":[],"product_cat":[1163,1164],"product_tag":[],"class_list":{"0":"post-17655","1":"product","2":"type-product","3":"status-publish","4":"has-post-thumbnail","6":"product_cat-herbal-teas","7":"product_cat-respiratory-tracts","8":"pa_benefices-cold-and-flu","9":"pa_benefices-helps-to-eliminate-respiratory-system-mucus","10":"pa_benefices-spread-a-soft-comforting-warmth-in-your-body","11":"pa_bienfaits-old-voies-respiratoires-3","12":"pa_format-box-of-16-bags-175-g","13":"desktop-align-left","14":"tablet-align-left","15":"mobile-align-left","16":"ast-product-gallery-layout-horizontal","17":"ast-product-gallery-with-no-image","18":"ast-product-tabs-layout-horizontal","20":"first","21":"instock","22":"purchasable","23":"product-type-simple"},"acf":[],"yoast_head":"<!-- This site is optimized with the Yoast SEO plugin v27.2 - https:\/\/yoast.com\/product\/yoast-seo-wordpress\/ -->\n<title>Comfort<\/title>\n<meta name=\"description\" content=\"Comfort was designed to comfort the soul and create a relaxing atmosphere.\" \/>\n<meta name=\"robots\" content=\"index, follow, max-snippet:-1, max-image-preview:large, max-video-preview:-1\" \/>\n<link rel=\"canonical\" href=\"https:\/\/viragesante.com\/en\/produit\/comfort\/\" \/>\n<meta property=\"og:locale\" content=\"en_US\" \/>\n<meta property=\"og:type\" content=\"article\" \/>\n<meta property=\"og:title\" content=\"Comfort\" \/>\n<meta property=\"og:description\" content=\"Comfort was designed to comfort the soul and create a relaxing atmosphere.\" \/>\n<meta property=\"og:url\" content=\"https:\/\/viragesante.com\/en\/produit\/comfort\/\" \/>\n<meta property=\"og:site_name\" content=\"Virage Sant\u00e9 inc.\" \/>\n<meta property=\"article:modified_time\" content=\"2025-07-02T14:38:26+00:00\" \/>\n<meta property=\"og:image\" content=\"https:\/\/viragesante.com\/wp-content\/uploads\/2020\/07\/products-reconfort-nouveau-fr-2.jpg\" \/>\n\t<meta property=\"og:image:width\" content=\"800\" \/>\n\t<meta property=\"og:image:height\" content=\"800\" \/>\n\t<meta property=\"og:image:type\" content=\"image\/jpeg\" \/>\n<meta name=\"twitter:card\" content=\"summary_large_image\" \/>\n<meta name=\"twitter:label1\" content=\"Est. reading time\" \/>\n\t<meta name=\"twitter:data1\" content=\"1 minute\" \/>\n<script type=\"application\/ld+json\" class=\"yoast-schema-graph\">{\"@context\":\"https:\/\/schema.org\",\"@graph\":[{\"@type\":\"WebPage\",\"@id\":\"https:\/\/viragesante.com\/en\/produit\/comfort\/\",\"url\":\"https:\/\/viragesante.com\/en\/produit\/comfort\/\",\"name\":\"Comfort\",\"isPartOf\":{\"@id\":\"https:\/\/viragesante.com\/en\/#website\"},\"primaryImageOfPage\":{\"@id\":\"https:\/\/viragesante.com\/en\/produit\/comfort\/#primaryimage\"},\"image\":{\"@id\":\"https:\/\/viragesante.com\/en\/produit\/comfort\/#primaryimage\"},\"thumbnailUrl\":\"https:\/\/viragesante.com\/wp-content\/uploads\/2020\/07\/products-reconfort-nouveau-fr-2.jpg\",\"datePublished\":\"2020-07-23T18:28:39+00:00\",\"dateModified\":\"2025-07-02T14:38:26+00:00\",\"description\":\"Comfort was designed to comfort the soul and create a relaxing atmosphere.\",\"breadcrumb\":{\"@id\":\"https:\/\/viragesante.com\/en\/produit\/comfort\/#breadcrumb\"},\"inLanguage\":\"en-CA\",\"potentialAction\":[{\"@type\":\"ReadAction\",\"target\":[\"https:\/\/viragesante.com\/en\/produit\/comfort\/\"]}]},{\"@type\":\"ImageObject\",\"inLanguage\":\"en-CA\",\"@id\":\"https:\/\/viragesante.com\/en\/produit\/comfort\/#primaryimage\",\"url\":\"https:\/\/viragesante.com\/wp-content\/uploads\/2020\/07\/products-reconfort-nouveau-fr-2.jpg\",\"contentUrl\":\"https:\/\/viragesante.com\/wp-content\/uploads\/2020\/07\/products-reconfort-nouveau-fr-2.jpg\",\"width\":800,\"height\":800},{\"@type\":\"BreadcrumbList\",\"@id\":\"https:\/\/viragesante.com\/en\/produit\/comfort\/#breadcrumb\",\"itemListElement\":[{\"@type\":\"ListItem\",\"position\":1,\"name\":\"Home\",\"item\":\"https:\/\/viragesante.com\/en\/\"},{\"@type\":\"ListItem\",\"position\":2,\"name\":\"Buy Our Products\",\"item\":\"https:\/\/viragesante.com\/en\/buy-our-products\/\"},{\"@type\":\"ListItem\",\"position\":3,\"name\":\"Comfort\"}]},{\"@type\":\"WebSite\",\"@id\":\"https:\/\/viragesante.com\/en\/#website\",\"url\":\"https:\/\/viragesante.com\/en\/\",\"name\":\"Virage Sant\u00e9 inc.\",\"description\":\"Tisanes et th\u00e9s biologiques Lalma\",\"publisher\":{\"@id\":\"https:\/\/viragesante.com\/en\/#organization\"},\"potentialAction\":[{\"@type\":\"SearchAction\",\"target\":{\"@type\":\"EntryPoint\",\"urlTemplate\":\"https:\/\/viragesante.com\/en\/?s={search_term_string}\"},\"query-input\":{\"@type\":\"PropertyValueSpecification\",\"valueRequired\":true,\"valueName\":\"search_term_string\"}}],\"inLanguage\":\"en-CA\"},{\"@type\":\"Organization\",\"@id\":\"https:\/\/viragesante.com\/en\/#organization\",\"name\":\"Virage Sant\u00e9 Inc.\",\"url\":\"https:\/\/viragesante.com\/en\/\",\"logo\":{\"@type\":\"ImageObject\",\"inLanguage\":\"en-CA\",\"@id\":\"https:\/\/viragesante.com\/en\/#\/schema\/logo\/image\/\",\"url\":\"https:\/\/7f3f0783c8.nxcli.net\/wp-content\/uploads\/2020\/07\/logo-VirageSante.png\",\"contentUrl\":\"https:\/\/7f3f0783c8.nxcli.net\/wp-content\/uploads\/2020\/07\/logo-VirageSante.png\",\"width\":156,\"height\":126,\"caption\":\"Virage Sant\u00e9 Inc.\"},\"image\":{\"@id\":\"https:\/\/viragesante.com\/en\/#\/schema\/logo\/image\/\"}}]}<\/script>\n<!-- \/ Yoast SEO plugin. -->","yoast_head_json":{"title":"Comfort","description":"Comfort was designed to comfort the soul and create a relaxing atmosphere.","robots":{"index":"index","follow":"follow","max-snippet":"max-snippet:-1","max-image-preview":"max-image-preview:large","max-video-preview":"max-video-preview:-1"},"canonical":"https:\/\/viragesante.com\/en\/produit\/comfort\/","og_locale":"en_US","og_type":"article","og_title":"Comfort","og_description":"Comfort was designed to comfort the soul and create a relaxing atmosphere.","og_url":"https:\/\/viragesante.com\/en\/produit\/comfort\/","og_site_name":"Virage Sant\u00e9 inc.","article_modified_time":"2025-07-02T14:38:26+00:00","og_image":[{"width":800,"height":800,"url":"https:\/\/viragesante.com\/wp-content\/uploads\/2020\/07\/products-reconfort-nouveau-fr-2.jpg","type":"image\/jpeg"}],"twitter_card":"summary_large_image","twitter_misc":{"Est. reading time":"1 minute"},"schema":{"@context":"https:\/\/schema.org","@graph":[{"@type":"WebPage","@id":"https:\/\/viragesante.com\/en\/produit\/comfort\/","url":"https:\/\/viragesante.com\/en\/produit\/comfort\/","name":"Comfort","isPartOf":{"@id":"https:\/\/viragesante.com\/en\/#website"},"primaryImageOfPage":{"@id":"https:\/\/viragesante.com\/en\/produit\/comfort\/#primaryimage"},"image":{"@id":"https:\/\/viragesante.com\/en\/produit\/comfort\/#primaryimage"},"thumbnailUrl":"https:\/\/viragesante.com\/wp-content\/uploads\/2020\/07\/products-reconfort-nouveau-fr-2.jpg","datePublished":"2020-07-23T18:28:39+00:00","dateModified":"2025-07-02T14:38:26+00:00","description":"Comfort was designed to comfort the soul and create a relaxing atmosphere.","breadcrumb":{"@id":"https:\/\/viragesante.com\/en\/produit\/comfort\/#breadcrumb"},"inLanguage":"en-CA","potentialAction":[{"@type":"ReadAction","target":["https:\/\/viragesante.com\/en\/produit\/comfort\/"]}]},{"@type":"ImageObject","inLanguage":"en-CA","@id":"https:\/\/viragesante.com\/en\/produit\/comfort\/#primaryimage","url":"https:\/\/viragesante.com\/wp-content\/uploads\/2020\/07\/products-reconfort-nouveau-fr-2.jpg","contentUrl":"https:\/\/viragesante.com\/wp-content\/uploads\/2020\/07\/products-reconfort-nouveau-fr-2.jpg","width":800,"height":800},{"@type":"BreadcrumbList","@id":"https:\/\/viragesante.com\/en\/produit\/comfort\/#breadcrumb","itemListElement":[{"@type":"ListItem","position":1,"name":"Home","item":"https:\/\/viragesante.com\/en\/"},{"@type":"ListItem","position":2,"name":"Buy Our Products","item":"https:\/\/viragesante.com\/en\/buy-our-products\/"},{"@type":"ListItem","position":3,"name":"Comfort"}]},{"@type":"WebSite","@id":"https:\/\/viragesante.com\/en\/#website","url":"https:\/\/viragesante.com\/en\/","name":"Virage Sant\u00e9 inc.","description":"Tisanes et th\u00e9s biologiques Lalma","publisher":{"@id":"https:\/\/viragesante.com\/en\/#organization"},"potentialAction":[{"@type":"SearchAction","target":{"@type":"EntryPoint","urlTemplate":"https:\/\/viragesante.com\/en\/?s={search_term_string}"},"query-input":{"@type":"PropertyValueSpecification","valueRequired":true,"valueName":"search_term_string"}}],"inLanguage":"en-CA"},{"@type":"Organization","@id":"https:\/\/viragesante.com\/en\/#organization","name":"Virage Sant\u00e9 Inc.","url":"https:\/\/viragesante.com\/en\/","logo":{"@type":"ImageObject","inLanguage":"en-CA","@id":"https:\/\/viragesante.com\/en\/#\/schema\/logo\/image\/","url":"https:\/\/7f3f0783c8.nxcli.net\/wp-content\/uploads\/2020\/07\/logo-VirageSante.png","contentUrl":"https:\/\/7f3f0783c8.nxcli.net\/wp-content\/uploads\/2020\/07\/logo-VirageSante.png","width":156,"height":126,"caption":"Virage Sant\u00e9 Inc."},"image":{"@id":"https:\/\/viragesante.com\/en\/#\/schema\/logo\/image\/"}}]}},"_links":{"self":[{"href":"https:\/\/viragesante.com\/en\/wp-json\/wp\/v2\/product\/17655","targetHints":{"allow":["GET"]}}],"collection":[{"href":"https:\/\/viragesante.com\/en\/wp-json\/wp\/v2\/product"}],"about":[{"href":"https:\/\/viragesante.com\/en\/wp-json\/wp\/v2\/types\/product"}],"version-history":[{"count":5,"href":"https:\/\/viragesante.com\/en\/wp-json\/wp\/v2\/product\/17655\/revisions"}],"predecessor-version":[{"id":26167,"href":"https:\/\/viragesante.com\/en\/wp-json\/wp\/v2\/product\/17655\/revisions\/26167"}],"wp:featuredmedia":[{"embeddable":true,"href":"https:\/\/viragesante.com\/en\/wp-json\/wp\/v2\/media\/35599"}],"wp:attachment":[{"href":"https:\/\/viragesante.com\/en\/wp-json\/wp\/v2\/media?parent=17655"}],"wp:term":[{"taxonomy":"product_brand","embeddable":true,"href":"https:\/\/viragesante.com\/en\/wp-json\/wp\/v2\/product_brand?post=17655"},{"taxonomy":"product_cat","embeddable":true,"href":"https:\/\/viragesante.com\/en\/wp-json\/wp\/v2\/product_cat?post=17655"},{"taxonomy":"product_tag","embeddable":true,"href":"https:\/\/viragesante.com\/en\/wp-json\/wp\/v2\/product_tag?post=17655"}],"curies":[{"name":"wp","href":"https:\/\/api.w.org\/{rel}","templated":true}]}}